{"id":18,"date":"2020-12-08T03:52:44","date_gmt":"2020-12-08T03:52:44","guid":{"rendered":"https:\/\/gaviaspreview.com\/wp\/conult\/?page_id=18"},"modified":"2025-05-29T17:12:05","modified_gmt":"2025-05-29T17:12:05","slug":"home-1","status":"publish","type":"page","link":"https:\/\/ladinadlan.si\/","title":{"rendered":"Home 1"},"content":{"rendered":"\t\t<div data-elementor-type=\"wp-page\" data-elementor-id=\"18\" class=\"elementor elementor-18\">\n\t\t\t\t\t\t<section class=\"elementor-section elementor-top-section elementor-element elementor-element-0e79c74 elementor-section-full_width elementor-section-height-default elementor-section-height-default\" data-id=\"0e79c74\" data-element_type=\"section\">\n\t\t\t\t\t\t<div class=\"elementor-container elementor-column-gap-default\">\n\t\t\t\t\t<div class=\"elementor-column elementor-col-100 elementor-top-column elementor-element elementor-element-71f34e5\" data-id=\"71f34e5\" data-element_type=\"column\">\n\t\t\t<div class=\"elementor-widget-wrap elementor-element-populated\">\n\t\t\t\t\t\t<div class=\"elementor-element elementor-element-5b4f464 elementor-widget elementor-widget-gva-rev-slider\" data-id=\"5b4f464\" data-element_type=\"widget\" data-widget_type=\"gva-rev-slider.default\">\n\t\t\t\t<div class=\"elementor-widget-container\">\n\t\t\t\t\t<div class=\"gva-element-gva-rev-slider gva-element\">\n\t\t\t\t<p class=\"rs-p-wp-fix\"><\/p>\n\t\t\t\t<sr7-module data-alias=\"slider-1\" data-id=\"1\" id=\"SR7_1_1\" class=\"rs-ov-hidden\" data-version=\"6.7.27\">\n\t\t\t\t\t<sr7-adjuster><\/sr7-adjuster>\n\t\t\t\t\t<sr7-content>\n\t\t\t\t\t\t<sr7-slide id=\"SR7_1_1-1\" data-key=\"1\">\n\t\t\t\t\t\t\t<sr7-bg id=\"SR7_1_1-1-4\" class=\"sr7-layer\"><noscript><img decoding=\"async\" src=\"https:\/\/ladinadlan.si\/wp-content\/uploads\/2025\/03\/1.jpg\" alt=\"\" title=\"1\"><\/noscript><\/sr7-bg>\n\t\t\t\t\t\t\t<sr7-txt id=\"SR7_1_1-1-2\" class=\"sr7-layer\">Dobrodo\u0161li v Zavodu Ladina dlan <br \/>\n<\/sr7-txt>\n\t\t\t\t\t\t\t<sr7-txt id=\"SR7_1_1-1-3\" class=\"sr7-layer\">zavodu za psihoterapijo in psihosocialno svetovanje za otroke, mladostnike in star\u0161e - kjer ljubezen, dru\u017eina in zdravje osmislijo va\u0161e \u017eivljenje.<\/sr7-txt>\n\t\t\t\t\t\t<\/sr7-slide>\n\t\t\t\t\t\t<sr7-slide id=\"SR7_1_1-7\" data-key=\"7\">\n\t\t\t\t\t\t<\/sr7-slide>\n\t\t\t\t\t<\/sr7-content>\n\t\t\t\t\t<image_lists style=\"display:none\">\n\t\t\t\t\t\t<img data-src=\"\/\/ladinadlan.si\/wp-content\/uploads\/2025\/03\/krog_logo_lada2.png\" data-libid=\"1520\" data-lib=\"medialibrary\" title=\"krog_logo_lada2\" width=\"0\" height=\"0\" data-dbsrc=\"Ly9sYWRpbmFkbGFuLnNpL3dwLWNvbnRlbnQvdXBsb2Fkcy8yMDI1LzAzL2tyb2dfbG9nb19sYWRhMi5wbmc=\"\/>\n\t\t\t\t\t\t<img data-src=\"\/\/ladinadlan.si\/wp-content\/uploads\/2025\/03\/1.jpg\" data-libid=\"1499\" data-lib=\"medialibrary\" title=\"1\" width=\"0\" height=\"0\" data-dbsrc=\"Ly9sYWRpbmFkbGFuLnNpL3dwLWNvbnRlbnQvdXBsb2Fkcy8yMDI1LzAzLzEuanBn\"\/>\n\t\t\t\t\t<\/image_lists>\n\t\t\t\t<\/sr7-module>\n\t\t\t\t<script>\n\t\t\t\t\tSR7.PMH ??={}; SR7.PMH[\"SR7_1_1\"] = {cn:100,state:false,fn: function() { if (_tpt!==undefined && _tpt.prepareModuleHeight !== undefined) {  _tpt.prepareModuleHeight({id:\"SR7_1_1\",el:[880,880,620,550,350],type:'standard',shdw:'0',gh:[880,880,620,550,350],gw:[1170,1170,1024,778,480],vpt:['-200px&#039;,&#039;-200px&#039;,&#039;-200px&#039;,&#039;-200px&#039;,&#039;-200px'],size:{fullWidth:false, fullHeight:false},mh:'0',onh:0,onw:0,bg:{color:'{\"orig\":\"transparent\",\"type\":\"solid\",\"string\":\"transparent\"}'},plType:'0',plColor:'#FFFFFF'});   SR7.PMH[\"SR7_1_1\"].state=true;} else if(SR7.PMH[\"SR7_1_1\"].cn-->0)\tsetTimeout( SR7.PMH[\"SR7_1_1\"].fn,19);}};SR7.PMH[\"SR7_1_1\" ].fn();\n\t\t\t\t<\/script>\n<\/div>\t\t\t\t<\/div>\n\t\t\t\t<\/div>\n\t\t\t\t\t<\/div>\n\t\t<\/div>\n\t\t\t\t\t<\/div>\n\t\t<\/section>\n\t\t\t\t<section class=\"elementor-section elementor-top-section elementor-element elementor-element-b559b30 elementor-section-boxed elementor-section-height-default elementor-section-height-default\" data-id=\"b559b30\" data-element_type=\"section\" data-settings=\"{&quot;background_background&quot;:&quot;classic&quot;}\">\n\t\t\t\t\t\t<div class=\"elementor-container elementor-column-gap-default\">\n\t\t\t\t\t<div class=\"elementor-column elementor-col-100 elementor-top-column elementor-element elementor-element-7e17442\" data-id=\"7e17442\" data-element_type=\"column\">\n\t\t\t<div class=\"elementor-widget-wrap elementor-element-populated\">\n\t\t\t\t\t\t<div class=\"elementor-element elementor-element-399f1bf elementor-widget elementor-widget-heading\" data-id=\"399f1bf\" data-element_type=\"widget\" data-widget_type=\"heading.default\">\n\t\t\t\t<div class=\"elementor-widget-container\">\n\t\t\t\t\t<p class=\"elementor-heading-title elementor-size-default\">Angeli smo, a le z enim krilom. Da bi mogli poleteti, se moramo objeti.<\/p>\t\t\t\t<\/div>\n\t\t\t\t<\/div>\n\t\t\t\t<div class=\"elementor-element elementor-element-dc2de1c elementor-widget elementor-widget-heading\" data-id=\"dc2de1c\" data-element_type=\"widget\" data-widget_type=\"heading.default\">\n\t\t\t\t<div class=\"elementor-widget-container\">\n\t\t\t\t\t<p class=\"elementor-heading-title elementor-size-default\"><b>(Luciano De\nCrescenzo).<\/b><\/p>\t\t\t\t<\/div>\n\t\t\t\t<\/div>\n\t\t\t\t\t<\/div>\n\t\t<\/div>\n\t\t\t\t\t<\/div>\n\t\t<\/section>\n\t\t\t\t<section class=\"elementor-section elementor-top-section elementor-element elementor-element-659fe7a elementor-section-boxed elementor-section-height-default elementor-section-height-default\" data-id=\"659fe7a\" data-element_type=\"section\">\n\t\t\t\t\t\t<div class=\"elementor-container elementor-column-gap-default\">\n\t\t\t\t\t<div class=\"elementor-column elementor-col-50 elementor-top-column elementor-element elementor-element-aded1fd\" data-id=\"aded1fd\" data-element_type=\"column\">\n\t\t\t<div class=\"elementor-widget-wrap elementor-element-populated\">\n\t\t\t\t\t\t<div class=\"elementor-element elementor-element-1374f1a elementor-widget elementor-widget-heading\" data-id=\"1374f1a\" data-element_type=\"widget\" data-widget_type=\"heading.default\">\n\t\t\t\t<div class=\"elementor-widget-container\">\n\t\t\t\t\t<h2 class=\"elementor-heading-title elementor-size-default\">LADINA DLAN<\/h2>\t\t\t\t<\/div>\n\t\t\t\t<\/div>\n\t\t\t\t<div class=\"elementor-element elementor-element-f3734e8 elementor-widget elementor-widget-heading\" data-id=\"f3734e8\" data-element_type=\"widget\" data-widget_type=\"heading.default\">\n\t\t\t\t<div class=\"elementor-widget-container\">\n\t\t\t\t\t<p class=\"elementor-heading-title elementor-size-default\">Na\u0161 zavod je ustanovljen z namenom, da otrokom, mladostnikom in njihovim star\u0161em\nponudimo strokovno psihoterapevtsko podporo in psihosocialno pomo\u010d.<\/p>\t\t\t\t<\/div>\n\t\t\t\t<\/div>\n\t\t\t\t\t<\/div>\n\t\t<\/div>\n\t\t\t\t<div class=\"elementor-column elementor-col-50 elementor-top-column elementor-element elementor-element-7e49adc\" data-id=\"7e49adc\" data-element_type=\"column\">\n\t\t\t<div class=\"elementor-widget-wrap elementor-element-populated\">\n\t\t\t\t\t\t<div class=\"elementor-element elementor-element-6a9468d krog elementor-widget elementor-widget-image\" data-id=\"6a9468d\" data-element_type=\"widget\" data-widget_type=\"image.default\">\n\t\t\t\t<div class=\"elementor-widget-container\">\n\t\t\t\t\t\t\t\t\t\t\t\t\t\t\t<img fetchpriority=\"high\" decoding=\"async\" width=\"425\" height=\"425\" src=\"https:\/\/ladinadlan.si\/wp-content\/uploads\/2025\/03\/krog_logo_lada.png\" class=\"attachment-large size-large wp-image-1500\" alt=\"\" srcset=\"https:\/\/ladinadlan.si\/wp-content\/uploads\/2025\/03\/krog_logo_lada.png 425w, https:\/\/ladinadlan.si\/wp-content\/uploads\/2025\/03\/elementor\/thumbs\/krog_logo_lada-r2bpyoz79prz6025x4pi0oy6x8mo3ooig1z7apzmpk.png 300w, https:\/\/ladinadlan.si\/wp-content\/uploads\/2025\/03\/krog_logo_lada-180x180.png 180w, https:\/\/ladinadlan.si\/wp-content\/uploads\/2025\/03\/krog_logo_lada-175x175.png 175w, https:\/\/ladinadlan.si\/wp-content\/uploads\/2025\/03\/elementor\/thumbs\/krog_logo_lada-r2bpyoz6nsdrczzapo9wynj0ekiurt2ni5om80r0p0.png 250w, https:\/\/ladinadlan.si\/wp-content\/uploads\/2025\/03\/elementor\/thumbs\/krog_logo_lada-r2bpyoz8hkkes07wc1ko4rsjykuarfw8bukdg4guqo.png 400w\" sizes=\"(max-width: 425px) 100vw, 425px\" \/>\t\t\t\t\t\t\t\t\t\t\t\t\t\t\t<\/div>\n\t\t\t\t<\/div>\n\t\t\t\t\t<\/div>\n\t\t<\/div>\n\t\t\t\t\t<\/div>\n\t\t<\/section>\n\t\t\t\t<section class=\"elementor-section elementor-top-section elementor-element elementor-element-a09f4db elementor-section-boxed elementor-section-height-default elementor-section-height-default\" data-id=\"a09f4db\" data-element_type=\"section\" data-settings=\"{&quot;background_background&quot;:&quot;classic&quot;}\">\n\t\t\t\t\t\t<div class=\"elementor-container elementor-column-gap-default\">\n\t\t\t\t\t<div class=\"elementor-column elementor-col-100 elementor-top-column elementor-element elementor-element-594254f\" data-id=\"594254f\" data-element_type=\"column\">\n\t\t\t<div class=\"elementor-widget-wrap elementor-element-populated\">\n\t\t\t\t\t\t<div class=\"elementor-element elementor-element-c667072 elementor-widget elementor-widget-text-editor\" data-id=\"c667072\" data-element_type=\"widget\" data-widget_type=\"text-editor.default\">\n\t\t\t\t<div class=\"elementor-widget-container\">\n\t\t\t\t\t\t\t\t\t<p>Pri nas boste na\u0161li varno okolje, kjer bomo skupaj re\u0161evali izzive s katerimi se sre\u010dujete.<\/p><p>Poleg tega se posve\u010damo tudi izobra\u017eevanju, raziskovanju in razvoju na podro\u010dju med\u010dlove\u0161kih odnosov ter skrbimo za telesno, du\u0161evno in duhovno zdravje posameznikov in dru\u017ein.<\/p><p>Na\u0161 cilj je, da vam nudimo podporo na podro\u010djih, ki so pomembna za polno in smiselno<br \/>\u017eivljenje.<\/p><p><strong>Lada<\/strong> &#8211; boginja ljubezni, zakona, otrok (slovanska mitologija)<\/p>\t\t\t\t\t\t\t\t<\/div>\n\t\t\t\t<\/div>\n\t\t\t\t<div class=\"elementor-element elementor-element-c4d7d6f elementor-align-left elementor-widget elementor-widget-button\" data-id=\"c4d7d6f\" data-element_type=\"widget\" data-widget_type=\"button.default\">\n\t\t\t\t<div class=\"elementor-widget-container\">\n\t\t\t\t\t\t\t\t\t<div class=\"elementor-button-wrapper\">\n\t\t\t\t\t<a class=\"elementor-button elementor-button-link elementor-size-sm\" href=\"#\">\n\t\t\t\t\t\t<span class=\"elementor-button-content-wrapper\">\n\t\t\t\t\t\t\t\t\t<span class=\"elementor-button-text\">O NAS<\/span>\n\t\t\t\t\t<\/span>\n\t\t\t\t\t<\/a>\n\t\t\t\t<\/div>\n\t\t\t\t\t\t\t\t<\/div>\n\t\t\t\t<\/div>\n\t\t\t\t\t<\/div>\n\t\t<\/div>\n\t\t\t\t\t<\/div>\n\t\t<\/section>\n\t\t\t\t<section class=\"elementor-section elementor-top-section elementor-element elementor-element-52fda1c elementor-section-full_width elementor-section-height-default elementor-section-height-default\" data-id=\"52fda1c\" data-element_type=\"section\" data-settings=\"{&quot;background_background&quot;:&quot;classic&quot;}\">\n\t\t\t\t\t\t<div class=\"elementor-container elementor-column-gap-default\">\n\t\t\t\t\t<div class=\"elementor-column elementor-col-100 elementor-top-column elementor-element elementor-element-3c612ca\" data-id=\"3c612ca\" data-element_type=\"column\">\n\t\t\t<div class=\"elementor-widget-wrap\">\n\t\t\t\t\t\t\t<\/div>\n\t\t<\/div>\n\t\t\t\t\t<\/div>\n\t\t<\/section>\n\t\t\t\t<section class=\"elementor-section elementor-top-section elementor-element elementor-element-4707e03 elementor-section-boxed elementor-section-height-default elementor-section-height-default\" data-id=\"4707e03\" data-element_type=\"section\" data-settings=\"{&quot;background_background&quot;:&quot;classic&quot;}\">\n\t\t\t\t\t\t<div class=\"elementor-container elementor-column-gap-default\">\n\t\t\t\t\t<div class=\"elementor-column elementor-col-100 elementor-top-column elementor-element elementor-element-6d0c850\" data-id=\"6d0c850\" data-element_type=\"column\">\n\t\t\t<div class=\"elementor-widget-wrap elementor-element-populated\">\n\t\t\t\t\t\t<div class=\"elementor-element elementor-element-d0b2565 elementor-widget__width-initial razmiksmisle elementor-widget elementor-widget-text-editor\" data-id=\"d0b2565\" data-element_type=\"widget\" data-widget_type=\"text-editor.default\">\n\t\t\t\t<div class=\"elementor-widget-container\">\n\t\t\t\t\t\t\t\t\t<p>\u010ce kro\u017eim okrog samega sebe, hodim po poti brez konca, ki ne pripelje nikamor.<\/p><p>\u010ce se odmaknem od sebe pa ugledam pot do \u010dloveka kakr\u0161en si \u017eelim biti.<\/p>\t\t\t\t\t\t\t\t<\/div>\n\t\t\t\t<\/div>\n\t\t\t\t<div class=\"elementor-element elementor-element-631f1d2 elementor-widget elementor-widget-text-editor\" data-id=\"631f1d2\" data-element_type=\"widget\" data-widget_type=\"text-editor.default\">\n\t\t\t\t<div class=\"elementor-widget-container\">\n\t\t\t\t\t\t\t\t\t<p><strong>Dru\u017eina in smisel (E. Lukas, 1993)<\/strong><\/p>\t\t\t\t\t\t\t\t<\/div>\n\t\t\t\t<\/div>\n\t\t\t\t<div class=\"elementor-element elementor-element-1b4e6bf krog elementor-widget elementor-widget-image\" data-id=\"1b4e6bf\" data-element_type=\"widget\" data-widget_type=\"image.default\">\n\t\t\t\t<div class=\"elementor-widget-container\">\n\t\t\t\t\t\t\t\t\t\t\t\t\t\t\t<img decoding=\"async\" src=\"https:\/\/ladinadlan.si\/wp-content\/uploads\/elementor\/thumbs\/krog_logo_lada2-r2brcun5cj1kvx4gtus8ihvhjrayid70qewd4kdqo4.png\" title=\"krog_logo_lada2\" alt=\"krog_logo_lada2\" loading=\"lazy\" \/>\t\t\t\t\t\t\t\t\t\t\t\t\t\t\t<\/div>\n\t\t\t\t<\/div>\n\t\t\t\t\t<\/div>\n\t\t<\/div>\n\t\t\t\t\t<\/div>\n\t\t<\/section>\n\t\t\t\t<\/div>\n\t\t","protected":false},"excerpt":{"rendered":"<p>Angeli smo, a le z enim krilom. Da bi mogli poleteti, se moramo objeti. (Luciano De Crescenzo). LADINA DLAN Na\u0161 zavod je ustanovljen z namenom, da otrokom, mladostnikom in njihovim [&hellip;]<\/p>\n","protected":false},"author":1,"featured_media":0,"parent":0,"menu_order":0,"comment_status":"closed","ping_status":"closed","template":"","meta":{"footnotes":""},"class_list":["post-18","page","type-page","status-publish","hentry"],"_links":{"self":[{"href":"https:\/\/ladinadlan.si\/index.php\/wp-json\/wp\/v2\/pages\/18","targetHints":{"allow":["GET"]}}],"collection":[{"href":"https:\/\/ladinadlan.si\/index.php\/wp-json\/wp\/v2\/pages"}],"about":[{"href":"https:\/\/ladinadlan.si\/index.php\/wp-json\/wp\/v2\/types\/page"}],"author":[{"embeddable":true,"href":"https:\/\/ladinadlan.si\/index.php\/wp-json\/wp\/v2\/users\/1"}],"replies":[{"embeddable":true,"href":"https:\/\/ladinadlan.si\/index.php\/wp-json\/wp\/v2\/comments?post=18"}],"version-history":[{"count":54,"href":"https:\/\/ladinadlan.si\/index.php\/wp-json\/wp\/v2\/pages\/18\/revisions"}],"predecessor-version":[{"id":1662,"href":"https:\/\/ladinadlan.si\/index.php\/wp-json\/wp\/v2\/pages\/18\/revisions\/1662"}],"wp:attachment":[{"href":"https:\/\/ladinadlan.si\/index.php\/wp-json\/wp\/v2\/media?parent=18"}],"curies":[{"name":"wp","href":"https:\/\/api.w.org\/{rel}","templated":true}]}}